{"id":890,"date":"2025-09-30T20:27:03","date_gmt":"2025-09-30T20:27:03","guid":{"rendered":"https:\/\/otolastikakdemir.com\/?page_id=890"},"modified":"2025-09-30T21:17:24","modified_gmt":"2025-09-30T21:17:24","slug":"aku-hizmet","status":"publish","type":"page","link":"https:\/\/otolastikakdemir.com\/?page_id=890","title":{"rendered":"Ak\u00fc Hizmet"},"content":{"rendered":"\t\t<div data-elementor-type=\"wp-page\" data-elementor-id=\"890\" class=\"elementor elementor-890\">\n\t\t\t\t\t\t<section class=\"elementor-section elementor-top-section elementor-element elementor-element-e949d28 elementor-section-height-min-height elementor-section-boxed elementor-section-height-default elementor-section-items-middle wpr-particle-no wpr-jarallax-no wpr-parallax-no wpr-sticky-section-no wpr-equal-height-no\" data-id=\"e949d28\" data-element_type=\"section\" data-e-type=\"section\" data-settings=\"{&quot;background_background&quot;:&quot;classic&quot;,&quot;shape_divider_bottom&quot;:&quot;tilt&quot;}\">\n\t\t\t\t\t\t\t<div class=\"elementor-background-overlay\"><\/div>\n\t\t\t\t\t\t<div class=\"elementor-shape elementor-shape-bottom\" aria-hidden=\"true\" data-negative=\"false\">\n\t\t\t<svg xmlns=\"http:\/\/www.w3.org\/2000\/svg\" viewBox=\"0 0 1000 100\" preserveAspectRatio=\"none\">\n\t<path class=\"elementor-shape-fill\" d=\"M0,6V0h1000v100L0,6z\"\/>\n<\/svg>\t\t<\/div>\n\t\t\t\t\t<div class=\"elementor-container elementor-column-gap-default\">\n\t\t\t\t\t<div class=\"elementor-column elementor-col-100 elementor-top-column elementor-element elementor-element-a7f6cf0\" data-id=\"a7f6cf0\" data-element_type=\"column\" data-e-type=\"column\">\n\t\t\t<div class=\"elementor-widget-wrap elementor-element-populated\">\n\t\t\t\t\t\t<div class=\"elementor-element elementor-element-ad17c9c elementor-widget elementor-widget-heading\" data-id=\"ad17c9c\" data-element_type=\"widget\" data-e-type=\"widget\" data-widget_type=\"heading.default\">\n\t\t\t\t\t<h2 class=\"elementor-heading-title elementor-size-default\">Ak\u00fc Hizmet\u0130<\/h2>\t\t\t\t<\/div>\n\t\t\t\t\t<\/div>\n\t\t<\/div>\n\t\t\t\t\t<\/div>\n\t\t<\/section>\n\t\t\t\t<section class=\"elementor-section elementor-top-section elementor-element elementor-element-8674209 elementor-section-boxed elementor-section-height-default elementor-section-height-default wpr-particle-no wpr-jarallax-no wpr-parallax-no wpr-sticky-section-no wpr-equal-height-no\" data-id=\"8674209\" data-element_type=\"section\" data-e-type=\"section\">\n\t\t\t\t\t\t<div class=\"elementor-container elementor-column-gap-default\">\n\t\t\t\t\t<div class=\"elementor-column elementor-col-50 elementor-top-column elementor-element elementor-element-c1144ad\" data-id=\"c1144ad\" data-element_type=\"column\" data-e-type=\"column\">\n\t\t\t<div class=\"elementor-widget-wrap elementor-element-populated\">\n\t\t\t\t\t\t<div class=\"elementor-element elementor-element-6c5b3a5 elementor-widget elementor-widget-text-editor\" data-id=\"6c5b3a5\" data-element_type=\"widget\" data-e-type=\"widget\" data-widget_type=\"text-editor.default\">\n\t\t\t\t\t\t\t\t\t<p><strong>Arac\u0131n\u0131z \u00e7al\u0131\u015fm\u0131yor, ak\u00fcn\u00fcz bitti mi? <\/strong><\/p><p><strong>Avsallar ve Alanya\u2019da 7\/24 ak\u00fc hizmetimizle yan\u0131n\u0131zday\u0131z. Profesyonel ekibimiz, yerinde ak\u00fc testi ve de\u011fi\u015fim yaparak arac\u0131n\u0131z\u0131 yeniden yola haz\u0131r hale getirir. <\/strong><\/p><p><strong>H\u0131zl\u0131, g\u00fcvenilir ve uygun fiyatl\u0131 ak\u00fc hizmeti i\u00e7in hemen aray\u0131n!<\/strong><\/p>\t\t\t\t\t\t\t\t<\/div>\n\t\t\t\t\t<\/div>\n\t\t<\/div>\n\t\t\t\t<div class=\"elementor-column elementor-col-50 elementor-top-column elementor-element elementor-element-86c7826\" data-id=\"86c7826\" data-element_type=\"column\" data-e-type=\"column\">\n\t\t\t<div class=\"elementor-widget-wrap elementor-element-populated\">\n\t\t\t\t<div class=\"elementor-element elementor-element-07344dc e-grid e-con-boxed wpr-particle-no wpr-jarallax-no wpr-parallax-no wpr-sticky-section-no wpr-equal-height-no e-con e-parent\" data-id=\"07344dc\" data-element_type=\"container\" data-e-type=\"container\">\n\t\t\t\t\t<div class=\"e-con-inner\">\n\t\t\t\t<div class=\"elementor-element elementor-element-ee0ed24 elementor-widget elementor-widget-image\" data-id=\"ee0ed24\" data-element_type=\"widget\" data-e-type=\"widget\" data-widget_type=\"image.default\">\n\t\t\t\t\t\t\t\t\t\t\t\t\t\t\t<img fetchpriority=\"high\" decoding=\"async\" width=\"577\" height=\"1024\" src=\"https:\/\/otolastikakdemir.com\/wp-content\/uploads\/2025\/09\/WhatsApp-Image-2025-09-24-at-12.14.18-577x1024.jpeg\" class=\"attachment-large size-large wp-image-916\" alt=\"\" srcset=\"https:\/\/otolastikakdemir.com\/wp-content\/uploads\/2025\/09\/WhatsApp-Image-2025-09-24-at-12.14.18-577x1024.jpeg 577w, https:\/\/otolastikakdemir.com\/wp-content\/uploads\/2025\/09\/WhatsApp-Image-2025-09-24-at-12.14.18-169x300.jpeg 169w, https:\/\/otolastikakdemir.com\/wp-content\/uploads\/2025\/09\/WhatsApp-Image-2025-09-24-at-12.14.18-768x1362.jpeg 768w, https:\/\/otolastikakdemir.com\/wp-content\/uploads\/2025\/09\/WhatsApp-Image-2025-09-24-at-12.14.18-866x1536.jpeg 866w, https:\/\/otolastikakdemir.com\/wp-content\/uploads\/2025\/09\/WhatsApp-Image-2025-09-24-at-12.14.18.jpeg 902w\" sizes=\"(max-width: 577px) 100vw, 577px\" \/>\t\t\t\t\t\t\t\t\t\t\t\t\t\t\t<\/div>\n\t\t\t\t<div class=\"elementor-element elementor-element-4d1e836 elementor-widget elementor-widget-image\" data-id=\"4d1e836\" data-element_type=\"widget\" data-e-type=\"widget\" data-widget_type=\"image.default\">\n\t\t\t\t\t\t\t\t\t\t\t\t\t\t\t<img decoding=\"async\" width=\"768\" height=\"1024\" src=\"https:\/\/otolastikakdemir.com\/wp-content\/uploads\/2025\/09\/WhatsApp-Image-2025-09-24-at-11.40.23-1-1-768x1024.jpeg\" class=\"attachment-large size-large wp-image-914\" alt=\"\" srcset=\"https:\/\/otolastikakdemir.com\/wp-content\/uploads\/2025\/09\/WhatsApp-Image-2025-09-24-at-11.40.23-1-1-768x1024.jpeg 768w, https:\/\/otolastikakdemir.com\/wp-content\/uploads\/2025\/09\/WhatsApp-Image-2025-09-24-at-11.40.23-1-1-225x300.jpeg 225w, https:\/\/otolastikakdemir.com\/wp-content\/uploads\/2025\/09\/WhatsApp-Image-2025-09-24-at-11.40.23-1-1-1152x1536.jpeg 1152w, https:\/\/otolastikakdemir.com\/wp-content\/uploads\/2025\/09\/WhatsApp-Image-2025-09-24-at-11.40.23-1-1.jpeg 1500w\" sizes=\"(max-width: 768px) 100vw, 768px\" \/>\t\t\t\t\t\t\t\t\t\t\t\t\t\t\t<\/div>\n\t\t\t\t\t<\/div>\n\t\t\t\t<\/div>\n\t\t\t\t\t<\/div>\n\t\t<\/div>\n\t\t\t\t\t<\/div>\n\t\t<\/section>\n\t\t\t\t<\/div>\n\t\t","protected":false},"excerpt":{"rendered":"<p>Ak\u00fc Hizmet\u0130 Arac\u0131n\u0131z \u00e7al\u0131\u015fm\u0131yor, ak\u00fcn\u00fcz bitti mi? Avsallar ve Alanya\u2019da 7\/24 ak\u00fc hizmetimizle yan\u0131n\u0131zday\u0131z. Profesyonel ekibimiz, yerinde ak\u00fc testi ve de\u011fi\u015fim yaparak arac\u0131n\u0131z\u0131 yeniden yola haz\u0131r hale getirir. H\u0131zl\u0131, g\u00fcvenilir ve uygun fiyatl\u0131 ak\u00fc hizmeti i\u00e7in hemen aray\u0131n!<\/p>\n","protected":false},"author":1,"featured_media":0,"parent":0,"menu_order":0,"comment_status":"closed","ping_status":"closed","template":"elementor_canvas","meta":{"footnotes":""},"class_list":["post-890","page","type-page","status-publish","hentry"],"acf":[],"_links":{"self":[{"href":"https:\/\/otolastikakdemir.com\/index.php?rest_route=\/wp\/v2\/pages\/890","targetHints":{"allow":["GET"]}}],"collection":[{"href":"https:\/\/otolastikakdemir.com\/index.php?rest_route=\/wp\/v2\/pages"}],"about":[{"href":"https:\/\/otolastikakdemir.com\/index.php?rest_route=\/wp\/v2\/types\/page"}],"author":[{"embeddable":true,"href":"https:\/\/otolastikakdemir.com\/index.php?rest_route=\/wp\/v2\/users\/1"}],"replies":[{"embeddable":true,"href":"https:\/\/otolastikakdemir.com\/index.php?rest_route=%2Fwp%2Fv2%2Fcomments&post=890"}],"version-history":[{"count":10,"href":"https:\/\/otolastikakdemir.com\/index.php?rest_route=\/wp\/v2\/pages\/890\/revisions"}],"predecessor-version":[{"id":936,"href":"https:\/\/otolastikakdemir.com\/index.php?rest_route=\/wp\/v2\/pages\/890\/revisions\/936"}],"wp:attachment":[{"href":"https:\/\/otolastikakdemir.com\/index.php?rest_route=%2Fwp%2Fv2%2Fmedia&parent=890"}],"curies":[{"name":"wp","href":"https:\/\/api.w.org\/{rel}","templated":true}]}}