{"id":893,"date":"2025-09-30T20:26:46","date_gmt":"2025-09-30T20:26:46","guid":{"rendered":"https:\/\/otolastikakdemir.com\/?page_id=893"},"modified":"2025-09-30T21:14:01","modified_gmt":"2025-09-30T21:14:01","slug":"cam-filmi","status":"publish","type":"page","link":"https:\/\/otolastikakdemir.com\/?page_id=893","title":{"rendered":"Cam filmi"},"content":{"rendered":"\t\t<div data-elementor-type=\"wp-page\" data-elementor-id=\"893\" class=\"elementor elementor-893\">\n\t\t\t\t\t\t<section class=\"elementor-section elementor-top-section elementor-element elementor-element-e949d28 elementor-section-height-min-height elementor-section-boxed elementor-section-height-default elementor-section-items-middle wpr-particle-no wpr-jarallax-no wpr-parallax-no wpr-sticky-section-no wpr-equal-height-no\" data-id=\"e949d28\" data-element_type=\"section\" data-e-type=\"section\" data-settings=\"{&quot;background_background&quot;:&quot;classic&quot;,&quot;shape_divider_bottom&quot;:&quot;tilt&quot;}\">\n\t\t\t\t\t\t\t<div class=\"elementor-background-overlay\"><\/div>\n\t\t\t\t\t\t<div class=\"elementor-shape elementor-shape-bottom\" aria-hidden=\"true\" data-negative=\"false\">\n\t\t\t<svg xmlns=\"http:\/\/www.w3.org\/2000\/svg\" viewBox=\"0 0 1000 100\" preserveAspectRatio=\"none\">\n\t<path class=\"elementor-shape-fill\" d=\"M0,6V0h1000v100L0,6z\"\/>\n<\/svg>\t\t<\/div>\n\t\t\t\t\t<div class=\"elementor-container elementor-column-gap-default\">\n\t\t\t\t\t<div class=\"elementor-column elementor-col-100 elementor-top-column elementor-element elementor-element-a7f6cf0\" data-id=\"a7f6cf0\" data-element_type=\"column\" data-e-type=\"column\">\n\t\t\t<div class=\"elementor-widget-wrap elementor-element-populated\">\n\t\t\t\t\t\t<div class=\"elementor-element elementor-element-ad17c9c elementor-widget elementor-widget-heading\" data-id=\"ad17c9c\" data-element_type=\"widget\" data-e-type=\"widget\" data-widget_type=\"heading.default\">\n\t\t\t\t\t<h2 class=\"elementor-heading-title elementor-size-default\">Cam filmi<\/h2>\t\t\t\t<\/div>\n\t\t\t\t\t<\/div>\n\t\t<\/div>\n\t\t\t\t\t<\/div>\n\t\t<\/section>\n\t\t\t\t<section class=\"elementor-section elementor-top-section elementor-element elementor-element-8674209 elementor-section-boxed elementor-section-height-default elementor-section-height-default wpr-particle-no wpr-jarallax-no wpr-parallax-no wpr-sticky-section-no wpr-equal-height-no\" data-id=\"8674209\" data-element_type=\"section\" data-e-type=\"section\">\n\t\t\t\t\t\t<div class=\"elementor-container elementor-column-gap-default\">\n\t\t\t\t\t<div class=\"elementor-column elementor-col-50 elementor-top-column elementor-element elementor-element-c1144ad\" data-id=\"c1144ad\" data-element_type=\"column\" data-e-type=\"column\">\n\t\t\t<div class=\"elementor-widget-wrap elementor-element-populated\">\n\t\t\t\t\t\t<div class=\"elementor-element elementor-element-eaf8595 elementor-widget elementor-widget-text-editor\" data-id=\"eaf8595\" data-element_type=\"widget\" data-e-type=\"widget\" data-widget_type=\"text-editor.default\">\n\t\t\t\t\t\t\t\t\t<p><strong>Avsallar ve Alanya\u2019da profesyonel cam filmi uygulamas\u0131!<\/strong><\/p><p><strong> Arac\u0131n\u0131z\u0131 g\u00fcne\u015fin zararl\u0131 \u0131\u015f\u0131nlar\u0131ndan koruyun, i\u00e7 mekan konforunu art\u0131r\u0131n ve estetik g\u00f6r\u00fcn\u00fcm kazand\u0131r\u0131n.<\/strong><\/p><p><strong> Is\u0131 kontrol\u00fc, UV korumas\u0131 ve gizlilik sa\u011flayan kaliteli cam film \u00e7\u00f6z\u00fcmleri i\u00e7in hemen bize ula\u015f\u0131n!<\/strong><\/p>\t\t\t\t\t\t\t\t<\/div>\n\t\t\t\t\t<\/div>\n\t\t<\/div>\n\t\t\t\t<div class=\"elementor-column elementor-col-50 elementor-top-column elementor-element elementor-element-86c7826\" data-id=\"86c7826\" data-element_type=\"column\" data-e-type=\"column\">\n\t\t\t<div class=\"elementor-widget-wrap elementor-element-populated\">\n\t\t\t\t\t\t<div class=\"elementor-element elementor-element-0d01daf elementor-widget elementor-widget-image\" data-id=\"0d01daf\" data-element_type=\"widget\" data-e-type=\"widget\" data-widget_type=\"image.default\">\n\t\t\t\t\t\t\t\t\t\t\t\t\t\t\t<img fetchpriority=\"high\" decoding=\"async\" width=\"768\" height=\"428\" src=\"https:\/\/otolastikakdemir.com\/wp-content\/uploads\/2025\/09\/cam-filmi-yasak-mi-araba-cam-filmi-yasak-mi_lv1w-768x428.jpg\" class=\"attachment-medium_large size-medium_large wp-image-927\" alt=\"\" srcset=\"https:\/\/otolastikakdemir.com\/wp-content\/uploads\/2025\/09\/cam-filmi-yasak-mi-araba-cam-filmi-yasak-mi_lv1w-768x428.jpg 768w, https:\/\/otolastikakdemir.com\/wp-content\/uploads\/2025\/09\/cam-filmi-yasak-mi-araba-cam-filmi-yasak-mi_lv1w-300x167.jpg 300w, https:\/\/otolastikakdemir.com\/wp-content\/uploads\/2025\/09\/cam-filmi-yasak-mi-araba-cam-filmi-yasak-mi_lv1w.jpg 950w\" sizes=\"(max-width: 768px) 100vw, 768px\" \/>\t\t\t\t\t\t\t\t\t\t\t\t\t\t\t<\/div>\n\t\t\t\t\t<\/div>\n\t\t<\/div>\n\t\t\t\t\t<\/div>\n\t\t<\/section>\n\t\t\t\t<\/div>\n\t\t","protected":false},"excerpt":{"rendered":"<p>Cam filmi Avsallar ve Alanya\u2019da profesyonel cam filmi uygulamas\u0131! Arac\u0131n\u0131z\u0131 g\u00fcne\u015fin zararl\u0131 \u0131\u015f\u0131nlar\u0131ndan koruyun, i\u00e7 mekan konforunu art\u0131r\u0131n ve estetik g\u00f6r\u00fcn\u00fcm kazand\u0131r\u0131n. Is\u0131 kontrol\u00fc, UV korumas\u0131 ve gizlilik sa\u011flayan kaliteli cam film \u00e7\u00f6z\u00fcmleri i\u00e7in hemen bize ula\u015f\u0131n!<\/p>\n","protected":false},"author":1,"featured_media":0,"parent":0,"menu_order":0,"comment_status":"closed","ping_status":"closed","template":"elementor_canvas","meta":{"footnotes":""},"class_list":["post-893","page","type-page","status-publish","hentry"],"acf":[],"_links":{"self":[{"href":"https:\/\/otolastikakdemir.com\/index.php?rest_route=\/wp\/v2\/pages\/893","targetHints":{"allow":["GET"]}}],"collection":[{"href":"https:\/\/otolastikakdemir.com\/index.php?rest_route=\/wp\/v2\/pages"}],"about":[{"href":"https:\/\/otolastikakdemir.com\/index.php?rest_route=\/wp\/v2\/types\/page"}],"author":[{"embeddable":true,"href":"https:\/\/otolastikakdemir.com\/index.php?rest_route=\/wp\/v2\/users\/1"}],"replies":[{"embeddable":true,"href":"https:\/\/otolastikakdemir.com\/index.php?rest_route=%2Fwp%2Fv2%2Fcomments&post=893"}],"version-history":[{"count":4,"href":"https:\/\/otolastikakdemir.com\/index.php?rest_route=\/wp\/v2\/pages\/893\/revisions"}],"predecessor-version":[{"id":930,"href":"https:\/\/otolastikakdemir.com\/index.php?rest_route=\/wp\/v2\/pages\/893\/revisions\/930"}],"wp:attachment":[{"href":"https:\/\/otolastikakdemir.com\/index.php?rest_route=%2Fwp%2Fv2%2Fmedia&parent=893"}],"curies":[{"name":"wp","href":"https:\/\/api.w.org\/{rel}","templated":true}]}}